{"id":8283,"date":"2024-08-17T10:29:37","date_gmt":"2024-08-17T10:29:37","guid":{"rendered":"https:\/\/tywitaftogether.gpwales.com\/?page_id=8283"},"modified":"2024-08-17T20:23:48","modified_gmt":"2024-08-17T20:23:48","slug":"my-health-my-choice","status":"publish","type":"page","link":"https:\/\/tywitaftogether.gpwales.com\/cy\/my-health-my-choice\/","title":{"rendered":"My Health, My Choice"},"content":{"rendered":"<div data-elementor-type=\"wp-post\" data-elementor-id=\"8283\" class=\"elementor elementor-8283\" data-elementor-settings=\"[]\">\n\t\t\t\t\t\t<div class=\"elementor-inner\">\n\t\t\t\t\t\t\t<div class=\"elementor-section-wrap\">\n\t\t\t\t\t\t\t<section class=\"elementor-section elementor-top-section elementor-element elementor-element-2ed0478 elementor-section-boxed elementor-section-height-default elementor-section-height-default\" data-id=\"2ed0478\" data-element_type=\"section\">\n\t\t\t\t\t\t<div class=\"elementor-container elementor-column-gap-default\">\n\t\t\t\t\t\t\t<div class=\"elementor-row\">\n\t\t\t\t\t<div class=\"elementor-column elementor-col-100 elementor-top-column elementor-element elementor-element-cca5c6a\" data-id=\"cca5c6a\" data-element_type=\"column\">\n\t\t\t<div class=\"elementor-column-wrap elementor-element-populated\">\n\t\t\t\t\t\t\t<div class=\"elementor-widget-wrap\">\n\t\t\t\t\t\t<div class=\"elementor-element elementor-element-6ef9c98 elementor-widget elementor-widget-heading\" data-id=\"6ef9c98\" data-element_type=\"widget\" data-widget_type=\"heading.default\">\n\t\t\t\t<div class=\"elementor-widget-container\">\n\t\t\t<h2 class=\"elementor-heading-title elementor-size-default\">My Health, My Choice<\/h2>\t\t<\/div>\n\t\t\t\t<\/div>\n\t\t\t\t\t\t<\/div>\n\t\t\t\t\t<\/div>\n\t\t<\/div>\n\t\t\t\t\t\t\t\t<\/div>\n\t\t\t\t\t<\/div>\n\t\t<\/section>\n\t\t\t\t<section class=\"elementor-section elementor-top-section elementor-element elementor-element-6701cc6 elementor-section-boxed elementor-section-height-default elementor-section-height-default\" data-id=\"6701cc6\" data-element_type=\"section\">\n\t\t\t\t\t\t<div class=\"elementor-container elementor-column-gap-default\">\n\t\t\t\t\t\t\t<div class=\"elementor-row\">\n\t\t\t\t\t<div class=\"elementor-column elementor-col-50 elementor-top-column elementor-element elementor-element-91c1417\" data-id=\"91c1417\" data-element_type=\"column\">\n\t\t\t<div class=\"elementor-column-wrap elementor-element-populated\">\n\t\t\t\t\t\t\t<div class=\"elementor-widget-wrap\">\n\t\t\t\t\t\t<div class=\"elementor-element elementor-element-3970ed7 elementor-widget elementor-widget-image\" data-id=\"3970ed7\" data-element_type=\"widget\" data-widget_type=\"image.default\">\n\t\t\t\t<div class=\"elementor-widget-container\">\n\t\t\t\t\t\t\t\t<div class=\"elementor-image\">\n\t\t\t\t\t\t\t\t\t<figure class=\"wp-caption\">\n\t\t\t\t\t\t\t\t\t\t\t<a href=\"https:\/\/tywitaftogether.gpwales.com\/cy\/files\/2024\/08\/Poster.jpg\/\" data-elementor-open-lightbox=\"yes\" data-elementor-lightbox-title=\"Poster\">\n\t\t\t\t\t\t\t<img width=\"525\" height=\"736\" src=\"https:\/\/tywitaftogether.gpwales.com\/files\/2024\/08\/Poster.jpg\" class=\"attachment-large size-large\" alt=\"\" loading=\"lazy\" srcset=\"https:\/\/tywitaftogether.gpwales.com\/files\/2024\/08\/Poster.jpg 612w, https:\/\/tywitaftogether.gpwales.com\/files\/2024\/08\/Poster-214x300.jpg 214w, https:\/\/tywitaftogether.gpwales.com\/files\/2024\/08\/Poster-9x12.jpg 9w\" sizes=\"100vw\" \/>\t\t\t\t\t\t\t\t<\/a>\n\t\t\t\t\t\t\t\t\t\t\t<figcaption class=\"widget-image-caption wp-caption-text\">Latest My Health, My Choice Events<\/figcaption>\n\t\t\t\t\t\t\t\t\t\t<\/figure>\n\t\t\t\t\t\t\t\t<\/div>\n\t\t\t\t\t\t<\/div>\n\t\t\t\t<\/div>\n\t\t\t\t\t\t<\/div>\n\t\t\t\t\t<\/div>\n\t\t<\/div>\n\t\t\t\t<div class=\"elementor-column elementor-col-50 elementor-top-column elementor-element elementor-element-1a8a515\" data-id=\"1a8a515\" data-element_type=\"column\">\n\t\t\t<div class=\"elementor-column-wrap elementor-element-populated\">\n\t\t\t\t\t\t\t<div class=\"elementor-widget-wrap\">\n\t\t\t\t\t\t<div class=\"elementor-element elementor-element-5e54e3e elementor-align-center elementor-widget elementor-widget-button\" data-id=\"5e54e3e\" data-element_type=\"widget\" data-widget_type=\"button.default\">\n\t\t\t\t<div class=\"elementor-widget-container\">\n\t\t\t\t\t<div class=\"elementor-button-wrapper\">\n\t\t\t<a href=\"https:\/\/hduhb.nhs.wales\/healthcare\/services-and-teams\/primary-care\/primary-care-videos\/\" target=\"_blank\" class=\"elementor-button-link elementor-button elementor-size-sm\" role=\"button\">\n\t\t\t\t\t\t<span class=\"elementor-button-content-wrapper\">\n\t\t\t\t\t\t<span class=\"elementor-button-icon elementor-align-icon-left\">\n\t\t\t\t<i aria-hidden=\"true\" class=\"fas fa-video\"><\/i>\t\t\t<\/span>\n\t\t\t\t\t\t<span class=\"elementor-button-text\">More Information on the service that you need<\/span>\n\t\t<\/span>\n\t\t\t\t\t<\/a>\n\t\t<\/div>\n\t\t\t\t<\/div>\n\t\t\t\t<\/div>\n\t\t\t\t\t\t<\/div>\n\t\t\t\t\t<\/div>\n\t\t<\/div>\n\t\t\t\t\t\t\t\t<\/div>\n\t\t\t\t\t<\/div>\n\t\t<\/section>\n\t\t\t\t<section class=\"elementor-section elementor-top-section elementor-element elementor-element-849e347 elementor-section-boxed elementor-section-height-default elementor-section-height-default\" data-id=\"849e347\" data-element_type=\"section\">\n\t\t\t\t\t\t<div class=\"elementor-container elementor-column-gap-default\">\n\t\t\t\t\t\t\t<div class=\"elementor-row\">\n\t\t\t\t\t<div class=\"elementor-column elementor-col-50 elementor-top-column elementor-element elementor-element-fab1c06\" data-id=\"fab1c06\" data-element_type=\"column\">\n\t\t\t<div class=\"elementor-column-wrap elementor-element-populated\">\n\t\t\t\t\t\t\t<div class=\"elementor-widget-wrap\">\n\t\t\t\t\t\t<div class=\"elementor-element elementor-element-7bad7e5 elementor-widget elementor-widget-heading\" data-id=\"7bad7e5\" data-element_type=\"widget\" data-widget_type=\"heading.default\">\n\t\t\t\t<div class=\"elementor-widget-container\">\n\t\t\t<h2 class=\"elementor-heading-title elementor-size-default\">Launching \u2018My Health, My Choice\u2019 Primary Care and Community Services Engagement<\/h2>\t\t<\/div>\n\t\t\t\t<\/div>\n\t\t\t\t\t\t<\/div>\n\t\t\t\t\t<\/div>\n\t\t<\/div>\n\t\t\t\t<div class=\"elementor-column elementor-col-50 elementor-top-column elementor-element elementor-element-58cab11\" data-id=\"58cab11\" data-element_type=\"column\">\n\t\t\t<div class=\"elementor-column-wrap elementor-element-populated\">\n\t\t\t\t\t\t\t<div class=\"elementor-widget-wrap\">\n\t\t\t\t\t\t<div class=\"elementor-element elementor-element-8f2da68 elementor-widget elementor-widget-heading\" data-id=\"8f2da68\" data-element_type=\"widget\" data-widget_type=\"heading.default\">\n\t\t\t\t<div class=\"elementor-widget-container\">\n\t\t\t<h2 class=\"elementor-heading-title elementor-size-default\">Lansio ymgysylltiad \u2018Fy Iechyd, Fy Newis\u2019 Gwasanaethau Gofal Sylfaenol a Chymunedol\n<\/h2>\t\t<\/div>\n\t\t\t\t<\/div>\n\t\t\t\t\t\t<\/div>\n\t\t\t\t\t<\/div>\n\t\t<\/div>\n\t\t\t\t\t\t\t\t<\/div>\n\t\t\t\t\t<\/div>\n\t\t<\/section>\n\t\t\t\t<section class=\"elementor-section elementor-top-section elementor-element elementor-element-78c0b98 elementor-section-boxed elementor-section-height-default elementor-section-height-default\" data-id=\"78c0b98\" data-element_type=\"section\">\n\t\t\t\t\t\t<div class=\"elementor-container elementor-column-gap-default\">\n\t\t\t\t\t\t\t<div class=\"elementor-row\">\n\t\t\t\t\t<div class=\"elementor-column elementor-col-50 elementor-top-column elementor-element elementor-element-e5a0156\" data-id=\"e5a0156\" data-element_type=\"column\">\n\t\t\t<div class=\"elementor-column-wrap elementor-element-populated\">\n\t\t\t\t\t\t\t<div class=\"elementor-widget-wrap\">\n\t\t\t\t\t\t<div class=\"elementor-element elementor-element-a4888ff elementor-widget elementor-widget-text-editor\" data-id=\"a4888ff\" data-element_type=\"widget\" data-widget_type=\"text-editor.default\">\n\t\t\t\t<div class=\"elementor-widget-container\">\n\t\t\t\t\t\t\t\t<div class=\"elementor-text-editor elementor-clearfix\">\n\t\t\t\t\t<p style=\"text-align: left;\"><span style=\"color: #4054b2;\">Hywel Dda University Health Board (UHB) will be holding events across Carmarthenshire, Ceredigion and Pembrokeshire this September (2024) to let people know about Primary and Community-based healthcare services, and to collect views and ideas for the future.<\/span><\/p><p style=\"text-align: left;\"><span style=\"color: #4054b2;\">The \u2018My Health, My Choice\u2019 engagement exercise will include showcase events in different locations and online, with web pages to provide more information. \u00a0<\/span><\/p><p style=\"text-align: left;\"><span style=\"color: #4054b2;\">Our shared vision is to provide safe, sustainable, and accessible health and care services as close to your home as possible, in line with our Healthier Mid and West Wales Strategy. We believe that by engaging with our communities directly, we can better understand your needs and preferences, and try to ensure that our services meet those needs where possible.<\/span><\/p><p style=\"text-align: left;\"><span style=\"color: #4054b2;\">This engagement exercise is focused on planning how best to deliver Primary Care and Community-based services, which cover most NHS-provided health and care services outside of hospitals.<\/span><\/p><p style=\"text-align: left;\"><span style=\"color: #4054b2;\">These services include community pharmacies, (sometimes called chemists), optometry practices, (sometimes called opticians) NHS dental services, and GP surgeries. Community based services provide outreach teams, district nursing, community clinics, end of life care and more.<\/span><\/p><p style=\"text-align: left;\"><span style=\"color: #4054b2;\">We would like to hear about how you currently use these health and care services, and what you would need to maintain your well-being. We would like you to share your experiences, what matters most to you, and your vision for the future of healthcare in your community.<\/span><\/p><p style=\"text-align: left;\"><span style=\"color: #4054b2;\"><strong>Share your views to shape your Primary and Community Care and Well-being<\/strong><\/span><\/p><p style=\"text-align: left;\"><span style=\"color: #4054b2;\">We invite you to share your views and ideas with us from <strong>2 September to 11 October 2024.<\/strong> There are many ways to take part:<\/span><\/p><ul style=\"font-weight: 400; text-align: left;\"><li style=\"list-style-type: none;\"><ul style=\"font-weight: 400; text-align: left;\"><li><span style=\"color: #4054b2;\">Attend our Health and Well-being Showcase Events where you can learn more about the services available in your community: <span style=\"text-decoration: underline;\"><strong><a style=\"color: #4054b2; text-decoration: underline;\" href=\"https:\/\/hduhb.nhs.wales\/primary-care-and-community-plan\" target=\"_blank\" rel=\"noopener\">https:\/\/hduhb.nhs.wales\/primary-care-and-community-plan<\/a><\/strong><\/span> for more information and event dates.<\/span><\/li><\/ul><\/li><\/ul><p>\u00a0<\/p><ul style=\"font-weight: 400; text-align: left;\"><li style=\"list-style-type: none;\"><ul style=\"font-weight: 400; text-align: left;\"><li><span style=\"color: #4054b2;\">Join our online events from the comfort of your own home. Please click on this link to complete a registration form and attend an online event <span style=\"text-decoration: underline;\"><strong><a style=\"color: #4054b2; text-decoration: underline;\" href=\"https:\/\/forms.office.com\/Pages\/ResponsePage.aspx?id=uChWuyjjgkCoVkM8ntyPrgRF4SCjy2FJkjqYqg1ki-hUM003NjY0UDNFVFFGOE9WMTBNODc4Q0NVRC4u\" target=\"_blank\" rel=\"noopener\">yma.<\/a><\/strong><\/span>:\u00a0<\/span><\/li><\/ul><\/li><\/ul><p>\u00a0<\/p><ul style=\"font-weight: 400; text-align: left;\"><li><span style=\"color: #4054b2;\">Visit our online engagement pages at <span style=\"text-decoration: underline;\"><strong><a style=\"color: #4054b2; text-decoration: underline;\" href=\"http:\/\/www.haveyoursay.hduhb.wales.nhs.uk\/\" target=\"_blank\" rel=\"noopener\">www.haveyoursay.hduhb.wales.nhs.uk<\/a><\/strong><\/span> to complete questionnaires from the 2 September to the 11 October 2024<\/span><\/li><\/ul><p style=\"text-align: left;\"><span style=\"color: #4054b2;\">If you cannot attend an event, you can still share your views:<\/span><\/p><ul style=\"font-weight: 400; text-align: left;\"><li><span style=\"color: #4054b2;\">Email us at \u00a0<span style=\"text-decoration: underline;\"><strong><a style=\"color: #4054b2; text-decoration: underline;\" href=\"mailto:ask.hdd@wales.nhs.uk\" target=\"_blank\" rel=\"noopener\">ask.hdd@wales.nhs.uk<\/a><\/strong><\/span>\u00a0<\/span><\/li><li><span style=\"color: #4054b2;\">Call us at <strong><a style=\"color: #4054b2;\" href=\"tel:03003038322\">0300 303 8322<\/a><\/strong> (choose option 5) for direct communication at local call rates. \u00a0<\/span><\/li><li><span style=\"color: #4054b2;\">Post your feedback to FREEPOST HYWEL DDA HEALTH BOARD<\/span><\/li><\/ul><p style=\"text-align: left;\"><span style=\"color: #4054b2;\">Your views and ideas will help shape the future of Primary Care and Community-based services. We will keep you informed and give you further opportunities to share your views as we progress.<\/span><\/p><p style=\"text-align: left;\"><span style=\"color: #4054b2;\">For those who wish to be more closely involved in how health services are planned, developed and delivered, you can join our involvement and engagement scheme, Siarad Iechyd \u2013 Talking Health, by completing a registration form <span style=\"text-decoration: underline;\"><strong><a style=\"color: #4054b2; text-decoration: underline;\" href=\"https:\/\/re-url.uk\/WQB6\" target=\"_blank\" rel=\"noopener\">here, <\/a><\/strong><\/span>\u00a0or calling <strong><a style=\"color: #4054b2;\" href=\"tel:01554899056\">01554 899056<\/a><\/strong> to register.<\/span><\/p><p style=\"text-align: left;\"><span style=\"color: #4054b2;\">Together, we can shape the future of healthcare in our communities. For more details, please visit our Hywel Dda (UHB) webpage:<span style=\"text-decoration: underline;\"><strong><a style=\"color: #4054b2; text-decoration: underline;\" href=\"https:\/\/hduhb.nhs.wales\/\" target=\"_blank\" rel=\"noopener\">https:\/\/hduhb.nhs.wales\/\u00a0<\/a><\/strong><\/span><\/span><\/p><p style=\"text-align: center;\"><span style=\"color: #4054b2;\"><strong>Bwrdd Iechyd Prifysgol Hywel Dda\u00a0<\/strong><\/span><\/p><p style=\"text-align: left;\"><span style=\"color: #4054b2;\"><strong>\u00a0<\/strong><\/span><\/p>\t\t\t\t\t<\/div>\n\t\t\t\t\t\t<\/div>\n\t\t\t\t<\/div>\n\t\t\t\t\t\t<\/div>\n\t\t\t\t\t<\/div>\n\t\t<\/div>\n\t\t\t\t<div class=\"elementor-column elementor-col-50 elementor-top-column elementor-element elementor-element-977fd81\" data-id=\"977fd81\" data-element_type=\"column\">\n\t\t\t<div class=\"elementor-column-wrap elementor-element-populated\">\n\t\t\t\t\t\t\t<div class=\"elementor-widget-wrap\">\n\t\t\t\t\t\t<div class=\"elementor-element elementor-element-f635207 elementor-widget elementor-widget-text-editor\" data-id=\"f635207\" data-element_type=\"widget\" data-widget_type=\"text-editor.default\">\n\t\t\t\t<div class=\"elementor-widget-container\">\n\t\t\t\t\t\t\t\t<div class=\"elementor-text-editor elementor-clearfix\">\n\t\t\t\t\t<p><span style=\"color: #4054b2;\">Bydd Bwrdd Iechyd Prifysgol Hywel Dda (BIP) yn cynnal digwyddiadau ar draws Sir Gaerfyrddin, Ceredigion a Sir Benfro ym mis Medi 2024 i roi gwybod i bobl am wasanaethau gofal iechyd sylfaenol a chymunedol, ac i gasglu barn a syniadau ar gyfer y dyfodol.<\/span><\/p><p><span style=\"color: #4054b2;\">Bydd yr ymarfer ymgysylltu \u2018Fy Iechyd, Fy Newis\u2019 yn cynnwys digwyddiadau arddangos mewn gwahanol leoliadau ac ar-lein, gyda thudalennau gwe i ddarparu mwy o wybodaeth.<\/span><\/p><p><span style=\"color: #4054b2;\">Ein gweledigaeth a rennir yw darparu gwasanaethau iechyd a gofal diogel, cynaliadwy a hygyrch mor agos at eich cartref \u00e2 phosibl, yn unol \u00e2 Strategaeth Canolbarth a Gorllewin Cymru Iachach. Credwn, trwy ymgysylltu \u00e2\u2019n cymunedau yn uniongyrchol, y gallwn ddeall eich anghenion a\u2019ch dewisiadau yn well, a cheisio sicrhau bod ein gwasanaethau\u2019n diwallu\u2019r anghenion hynny lle bo modd.<\/span><\/p><p><span style=\"color: #4054b2;\">Mae&#8217;r ymarfer ymgysylltu hwn yn canolbwyntio ar gynllunio&#8217;r ffordd orau o ddarparu Gofal Sylfaenol a gwasanaethau yn y Gymuned, sy&#8217;n cwmpasu&#8217;r rhan fwyaf o wasanaethau iechyd a gofal a ddarperir gan y GIG y tu allan i ysbytai.<\/span><\/p><p><span style=\"color: #4054b2;\">Mae&#8217;r gwasanaethau hyn yn cynnwys fferyllfeydd cymunedol, (a elwir weithiau&#8217;n gemegwyr), practisau optometreg, (a elwir weithiau&#8217;n optegwyr), gwasanaethau deintyddol y GIG, a meddygfeydd. Mae gwasanaethau yn y gymuned yn darparu timau allgymorth, nyrsio ardal, clinigau cymunedol, gofal diwedd oes a mwy.<\/span><\/p><p><span style=\"color: #4054b2;\">Hoffem glywed sut rydych yn defnyddio\u2019r gwasanaethau iechyd a gofal hyn ar hyn o bryd, a\u2019r hyn y byddai ei angen arnoch i gynnal eich llesiant. Hoffem i chi rannu eich profiadau, yr hyn sydd bwysicaf i chi, a&#8217;ch gweledigaeth ar gyfer dyfodol gofal iechyd yn eich cymuned.<\/span><\/p><p><span style=\"color: #4054b2;\"><strong>Rhannwch eich barn i lunio eich Gofal Sylfaenol a Chymunedol a Lles<\/strong><\/span><\/p><p><span style=\"color: #4054b2;\">Rydym yn eich gwahodd i rannu eich barn a\u2019ch syniadau gyda ni rhwng <strong>2 Medi a 11 Hydref 2024<\/strong>. Mae llawer o ffyrdd i gymryd rhan:<\/span><\/p><ul style=\"font-weight: 400;\"><li style=\"list-style-type: none;\"><ul style=\"font-weight: 400;\"><li><span style=\"color: #4054b2;\">Ewch i&#8217;n Digwyddiadau Arddangos Iechyd a Lles lle gallwch ddysgu mwy am y gwasanaethau sydd ar gael yn eich cymuned: <strong><a style=\"color: #4054b2;\" href=\"https:\/\/biphdd.gig.cymru\/cynllun-gofal-sylfaenol-a-chymunedol\" target=\"_blank\" rel=\"noopener\">https:\/\/biphdd.gig.cymru\/cynllun-gofal-sylfaenol-a-chymunedol<\/a><\/strong> am fwy o wybodaeth a dyddiadau digwyddiadau<\/span><\/li><\/ul><\/li><\/ul><ul style=\"font-weight: 400;\"><li><span style=\"color: #4054b2;\">Ymunwch \u00e2&#8217;n digwyddiadau ar-lein o gysur eich cartref eich hun <span style=\"text-decoration: underline;\"><strong><a style=\"color: #4054b2; text-decoration: underline;\" href=\"https:\/\/forms.office.com\/Pages\/ResponsePage.aspx?id=uChWuyjjgkCoVkM8ntyPrgRF4SCjy2FJkjqYqg1ki-hUM003NjY0UDNFVFFGOE9WMTBNODc4Q0NVRC4u&amp;lang=cy-GB\" target=\"_blank\" rel=\"noopener\">yma<\/a><\/strong><\/span>:\u00a0<\/span><\/li><li><span style=\"color: #4054b2;\">Ewch i\u2019n tudalennau ymgysylltu ar-lein yn <span style=\"text-decoration: underline;\"><strong><a style=\"color: #4054b2; text-decoration: underline;\" href=\"http:\/\/www.dweudeichdweud.biphdd.cymru.nhs.uk\/\" target=\"_blank\" rel=\"noopener\">www.dweudeichdweud.biphdd.cymru.nhs.uk<\/a><\/strong><\/span> i gwblhau holiaduron o 2 Medi i 11 Hydref 2024<\/span><\/li><\/ul><p><span style=\"color: #4054b2;\">Os na allwch fynychu digwyddiad, gallwch barhau i rannu eich barn:<\/span><\/p><ul style=\"font-weight: 400;\"><li><span style=\"color: #4054b2;\">E-bostiwch ni yn <span style=\"text-decoration: underline;\"><strong><a style=\"color: #4054b2; text-decoration: underline;\" href=\"mailto:ask.hdd@wales.nhs.uk\" target=\"_blank\" rel=\"noopener\">ask.hdd@wales.nhs.uk<\/a><\/strong><\/span>\u00a0<\/span><\/li><li><span style=\"color: #4054b2;\">Ffoniwch ni ar <strong><a style=\"color: #4054b2;\" href=\"tel:03003038322\">0300 303 8322<\/a><\/strong> (dewiswch opsiwn 5) ar gyfer cyfathrebu uniongyrchol ar gostau galwadau lleol<\/span><\/li><li><span style=\"color: #4054b2;\">Postiwch eich adborth i FREEPOST HYWEL DDA HEALTH BOARD<\/span><\/li><\/ul><p><span style=\"color: #4054b2;\">Bydd eich barn a&#8217;ch syniadau yn helpu i lunio dyfodol gwasanaethau Gofal Sylfaenol a Chymunedol. Byddwn yn rhoi&#8217;r wybodaeth ddiweddaraf i chi ac yn rhoi cyfleoedd pellach i chi rannu eich barn wrth i ni symud ymlaen.<\/span><\/p><p><span style=\"color: #4054b2;\">I&#8217;r rhai sy&#8217;n dymuno cymryd mwy o ran yn y ffordd y caiff gwasanaethau iechyd eu cynllunio, eu datblygu a&#8217;u darparu, gallwch ymuno \u00e2&#8217;n cynllun ymgysylltu a chyfranogiad, Siarad Iechyd \u2013 Talking Health, drwy lenwi ffurflen gofrestru <span style=\"text-decoration: underline;\"><strong><a style=\"color: #4054b2; text-decoration: underline;\" href=\"https:\/\/re-url.uk\/WWOX\" target=\"_blank\" rel=\"noopener\">yma<\/a><\/strong><\/span>: \u00a0neu ffoniwch <strong><a style=\"color: #4054b2;\" href=\"tel:01554899056\">01554 899056<\/a><\/strong> i gofrestru.<\/span><\/p><p><span style=\"color: #4054b2;\">Gyda\u2019n gilydd, gallwn lunio dyfodol gofal iechyd yn ein cymunedau. Am ragor o fanylion, ewch i&#8217;n tudalen we Hywel Dda (BIP):<strong><a style=\"color: #4054b2;\" href=\"https:\/\/biphdd.gig.cymru\/\" target=\"_blank\" rel=\"noopener\">https:\/\/biphdd.gig.cymru\/\u00a0<\/a><\/strong><\/span><\/p><p style=\"text-align: center;\"><span style=\"color: #4054b2;\"><strong>Bwrdd Iechyd Prifysgol Hywel Dda<\/strong><\/span><\/p>\t\t\t\t\t<\/div>\n\t\t\t\t\t\t<\/div>\n\t\t\t\t<\/div>\n\t\t\t\t\t\t<\/div>\n\t\t\t\t\t<\/div>\n\t\t<\/div>\n\t\t\t\t\t\t\t\t<\/div>\n\t\t\t\t\t<\/div>\n\t\t<\/section>\n\t\t\t\t\t\t<\/div>\n\t\t\t\t\t\t<\/div>\n\t\t\t\t\t<\/div>","protected":false},"excerpt":{"rendered":"<p>My Health, My Choice Latest My Health, My Choice Events More Information on the service that you need Launching \u2018My Health, My Choice\u2019 Primary Care and Community Services Engagement Lansio ymgysylltiad \u2018Fy Iechyd, Fy Newis\u2019 Gwasanaethau Gofal Sylfaenol a Chymunedol Hywel Dda University Health Board (UHB) will be holding events across Carmarthenshire, Ceredigion and Pembrokeshire &hellip; <\/p>\n<p class=\"link-more\"><a href=\"https:\/\/tywitaftogether.gpwales.com\/cy\/my-health-my-choice\/\" class=\"more-link\">Parhau i ddarllen<span class=\"screen-reader-text\"> &#8220;My Health, My Choice&#8221;<\/span><\/a><\/p>","protected":false},"author":1,"featured_media":0,"parent":0,"menu_order":0,"comment_status":"closed","ping_status":"closed","template":"elementor_header_footer","meta":[],"_links":{"self":[{"href":"https:\/\/tywitaftogether.gpwales.com\/cy\/wp-json\/wp\/v2\/pages\/8283"}],"collection":[{"href":"https:\/\/tywitaftogether.gpwales.com\/cy\/wp-json\/wp\/v2\/pages"}],"about":[{"href":"https:\/\/tywitaftogether.gpwales.com\/cy\/wp-json\/wp\/v2\/types\/page"}],"author":[{"embeddable":true,"href":"https:\/\/tywitaftogether.gpwales.com\/cy\/wp-json\/wp\/v2\/users\/1"}],"replies":[{"embeddable":true,"href":"https:\/\/tywitaftogether.gpwales.com\/cy\/wp-json\/wp\/v2\/comments?post=8283"}],"version-history":[{"count":44,"href":"https:\/\/tywitaftogether.gpwales.com\/cy\/wp-json\/wp\/v2\/pages\/8283\/revisions"}],"predecessor-version":[{"id":8330,"href":"https:\/\/tywitaftogether.gpwales.com\/cy\/wp-json\/wp\/v2\/pages\/8283\/revisions\/8330"}],"wp:attachment":[{"href":"https:\/\/tywitaftogether.gpwales.com\/cy\/wp-json\/wp\/v2\/media?parent=8283"}],"curies":[{"name":"wp","href":"https:\/\/api.w.org\/{rel}","templated":true}]}}