{"id":522,"date":"2019-01-30T23:27:17","date_gmt":"2019-01-30T23:27:17","guid":{"rendered":"https:\/\/tywitaftogether.gpwales.com\/?page_id=522"},"modified":"2022-06-10T09:58:14","modified_gmt":"2022-06-10T09:58:14","slug":"primary-care-mental-health","status":"publish","type":"page","link":"https:\/\/tywitaftogether.gpwales.com\/cy\/primary-care-mental-health\/","title":{"rendered":"Y T\u00eem Iechyd Meddwl Gofal Sylfaenol"},"content":{"rendered":"<div data-elementor-type=\"wp-post\" data-elementor-id=\"522\" class=\"elementor elementor-522 elementor-bc-flex-widget\" data-elementor-settings=\"[]\">\n\t\t\t\t\t\t<div class=\"elementor-inner\">\n\t\t\t\t\t\t\t<div class=\"elementor-section-wrap\">\n\t\t\t\t\t\t\t<section class=\"elementor-section elementor-top-section elementor-element elementor-element-2c60b71 elementor-section-boxed elementor-section-height-default elementor-section-height-default\" data-id=\"2c60b71\" data-element_type=\"section\">\n\t\t\t\t\t\t<div class=\"elementor-container elementor-column-gap-default\">\n\t\t\t\t\t\t\t<div class=\"elementor-row\">\n\t\t\t\t\t<div class=\"elementor-column elementor-col-33 elementor-top-column elementor-element elementor-element-e0c10b7\" data-id=\"e0c10b7\" data-element_type=\"column\">\n\t\t\t<div class=\"elementor-column-wrap elementor-element-populated\">\n\t\t\t\t\t\t\t<div class=\"elementor-widget-wrap\">\n\t\t\t\t\t\t<section class=\"elementor-section elementor-inner-section elementor-element elementor-element-d8e2edc elementor-section-boxed elementor-section-height-default elementor-section-height-default\" data-id=\"d8e2edc\" data-element_type=\"section\">\n\t\t\t\t\t\t<div class=\"elementor-container elementor-column-gap-default\">\n\t\t\t\t\t\t\t<div class=\"elementor-row\">\n\t\t\t\t\t<div class=\"elementor-column elementor-col-100 elementor-inner-column elementor-element elementor-element-3f39fb9\" data-id=\"3f39fb9\" data-element_type=\"column\">\n\t\t\t<div class=\"elementor-column-wrap elementor-element-populated\">\n\t\t\t\t\t\t\t<div class=\"elementor-widget-wrap\">\n\t\t\t\t\t\t<div class=\"elementor-element elementor-element-aa9e917 elementor-align-center elementor-widget elementor-widget-button\" data-id=\"aa9e917\" data-element_type=\"widget\" data-widget_type=\"button.default\">\n\t\t\t\t<div class=\"elementor-widget-container\">\n\t\t\t\t\t<div class=\"elementor-button-wrapper\">\n\t\t\t<a href=\"https:\/\/westwaleswalkingforwellbeing.org.uk\/walking\/\" target=\"_blank\" class=\"elementor-button-link elementor-button elementor-size-sm\" role=\"button\">\n\t\t\t\t\t\t<span class=\"elementor-button-content-wrapper\">\n\t\t\t\t\t\t<span class=\"elementor-button-text\">Wellbeing Walks<\/span>\n\t\t<\/span>\n\t\t\t\t\t<\/a>\n\t\t<\/div>\n\t\t\t\t<\/div>\n\t\t\t\t<\/div>\n\t\t\t\t\t\t<\/div>\n\t\t\t\t\t<\/div>\n\t\t<\/div>\n\t\t\t\t\t\t\t\t<\/div>\n\t\t\t\t\t<\/div>\n\t\t<\/section>\n\t\t\t\t\t\t<\/div>\n\t\t\t\t\t<\/div>\n\t\t<\/div>\n\t\t\t\t<div class=\"elementor-column elementor-col-33 elementor-top-column elementor-element elementor-element-b5bb8cc\" data-id=\"b5bb8cc\" data-element_type=\"column\">\n\t\t\t<div class=\"elementor-column-wrap elementor-element-populated\">\n\t\t\t\t\t\t\t<div class=\"elementor-widget-wrap\">\n\t\t\t\t\t\t<div class=\"elementor-element elementor-element-5fa0a64 elementor-align-center elementor-widget elementor-widget-button\" data-id=\"5fa0a64\" data-element_type=\"widget\" data-widget_type=\"button.default\">\n\t\t\t\t<div class=\"elementor-widget-container\">\n\t\t\t\t\t<div class=\"elementor-button-wrapper\">\n\t\t\t<a href=\"https:\/\/tywitaftogether.gpwales.com\/cy\/files\/2021\/03\/Community-Mental-Health-Support-COVID-19-EDITED-140520-1.pdf\/\" target=\"_blank\" class=\"elementor-button-link elementor-button elementor-size-sm\" role=\"button\">\n\t\t\t\t\t\t<span class=\"elementor-button-content-wrapper\">\n\t\t\t\t\t\t<span class=\"elementor-button-text\">Community Mental Health Support <\/span>\n\t\t<\/span>\n\t\t\t\t\t<\/a>\n\t\t<\/div>\n\t\t\t\t<\/div>\n\t\t\t\t<\/div>\n\t\t\t\t\t\t<\/div>\n\t\t\t\t\t<\/div>\n\t\t<\/div>\n\t\t\t\t<div class=\"elementor-column elementor-col-33 elementor-top-column elementor-element elementor-element-1131188\" data-id=\"1131188\" data-element_type=\"column\">\n\t\t\t<div class=\"elementor-column-wrap elementor-element-populated\">\n\t\t\t\t\t\t\t<div class=\"elementor-widget-wrap\">\n\t\t\t\t\t\t<div class=\"elementor-element elementor-element-ec30aeb elementor-align-center elementor-widget elementor-widget-button\" data-id=\"ec30aeb\" data-element_type=\"widget\" data-widget_type=\"button.default\">\n\t\t\t\t<div class=\"elementor-widget-container\">\n\t\t\t\t\t<div class=\"elementor-button-wrapper\">\n\t\t\t<a href=\"https:\/\/tywitaftogether.gpwales.com\/cy\/files\/2021\/03\/Well-being-support-at-home-v3.pdf\/\" target=\"_blank\" class=\"elementor-button-link elementor-button elementor-size-sm\" role=\"button\">\n\t\t\t\t\t\t<span class=\"elementor-button-content-wrapper\">\n\t\t\t\t\t\t<span class=\"elementor-button-text\">Well Being Support At Home<\/span>\n\t\t<\/span>\n\t\t\t\t\t<\/a>\n\t\t<\/div>\n\t\t\t\t<\/div>\n\t\t\t\t<\/div>\n\t\t\t\t\t\t<\/div>\n\t\t\t\t\t<\/div>\n\t\t<\/div>\n\t\t\t\t\t\t\t\t<\/div>\n\t\t\t\t\t<\/div>\n\t\t<\/section>\n\t\t\t\t<section class=\"elementor-section elementor-top-section elementor-element elementor-element-7305d3b1 elementor-section-content-middle elementor-section-boxed elementor-section-height-default elementor-section-height-default\" data-id=\"7305d3b1\" data-element_type=\"section\">\n\t\t\t\t\t\t<div class=\"elementor-container elementor-column-gap-no\">\n\t\t\t\t\t\t\t<div class=\"elementor-row\">\n\t\t\t\t\t<div class=\"elementor-column elementor-col-100 elementor-top-column elementor-element elementor-element-af5b5c6\" data-id=\"af5b5c6\" data-element_type=\"column\">\n\t\t\t<div class=\"elementor-column-wrap elementor-element-populated\">\n\t\t\t\t\t\t\t<div class=\"elementor-widget-wrap\">\n\t\t\t\t\t\t<div class=\"elementor-element elementor-element-3724b232 elementor-widget elementor-widget-heading\" data-id=\"3724b232\" data-element_type=\"widget\" data-widget_type=\"heading.default\">\n\t\t\t\t<div class=\"elementor-widget-container\">\n\t\t\t<h2 class=\"elementor-heading-title elementor-size-default\">Y T\u00eem Iechyd Meddwl Gofal Sylfaenol<\/h2>\t\t<\/div>\n\t\t\t\t<\/div>\n\t\t\t\t<section class=\"elementor-section elementor-inner-section elementor-element elementor-element-746b56be elementor-section-content-middle elementor-reverse-mobile elementor-section-boxed elementor-section-height-default elementor-section-height-default\" data-id=\"746b56be\" data-element_type=\"section\">\n\t\t\t\t\t\t<div class=\"elementor-container elementor-column-gap-no\">\n\t\t\t\t\t\t\t<div class=\"elementor-row\">\n\t\t\t\t\t<div class=\"elementor-column elementor-col-33 elementor-inner-column elementor-element elementor-element-750c3bae\" data-id=\"750c3bae\" data-element_type=\"column\">\n\t\t\t<div class=\"elementor-column-wrap elementor-element-populated\">\n\t\t\t\t\t\t\t<div class=\"elementor-widget-wrap\">\n\t\t\t\t\t\t<div class=\"elementor-element elementor-element-2b72b0ea elementor-widget elementor-widget-image\" data-id=\"2b72b0ea\" data-element_type=\"widget\" data-widget_type=\"image.default\">\n\t\t\t\t<div class=\"elementor-widget-container\">\n\t\t\t\t\t\t\t\t<div class=\"elementor-image\">\n\t\t\t\t\t\t\t\t\t\t\t\t<img width=\"525\" height=\"407\" src=\"https:\/\/tywitaftogether.gpwales.com\/files\/2018\/11\/Team-1024x794.png\" class=\"attachment-large size-large\" alt=\"Team\" loading=\"lazy\" srcset=\"https:\/\/tywitaftogether.gpwales.com\/files\/2018\/11\/Team-1024x794.png 1024w, https:\/\/tywitaftogether.gpwales.com\/files\/2018\/11\/Team-300x233.png 300w, https:\/\/tywitaftogether.gpwales.com\/files\/2018\/11\/Team-768x595.png 768w, https:\/\/tywitaftogether.gpwales.com\/files\/2018\/11\/Team.png 1920w\" sizes=\"100vw\" \/>\t\t\t\t\t\t\t\t\t\t\t\t\t\t<\/div>\n\t\t\t\t\t\t<\/div>\n\t\t\t\t<\/div>\n\t\t\t\t\t\t<\/div>\n\t\t\t\t\t<\/div>\n\t\t<\/div>\n\t\t\t\t<div class=\"elementor-column elementor-col-33 elementor-inner-column elementor-element elementor-element-6c384d90\" data-id=\"6c384d90\" data-element_type=\"column\">\n\t\t\t<div class=\"elementor-column-wrap elementor-element-populated\">\n\t\t\t\t\t\t\t<div class=\"elementor-widget-wrap\">\n\t\t\t\t\t\t<div class=\"elementor-element elementor-element-5c9d9007 elementor-widget elementor-widget-heading\" data-id=\"5c9d9007\" data-element_type=\"widget\" data-widget_type=\"heading.default\">\n\t\t\t\t<div class=\"elementor-widget-container\">\n\t\t\t<h2 class=\"elementor-heading-title elementor-size-default\">Model T\u00eem y Clinig Cof<\/h2>\t\t<\/div>\n\t\t\t\t<\/div>\n\t\t\t\t<div class=\"elementor-element elementor-element-3a476100 elementor-widget elementor-widget-text-editor\" data-id=\"3a476100\" data-element_type=\"widget\" data-widget_type=\"text-editor.default\">\n\t\t\t\t<div class=\"elementor-widget-container\">\n\t\t\t\t\t\t\t\t<div class=\"elementor-text-editor elementor-clearfix\">\n\t\t\t\t\t<p style=\"text-align: left;\"><span style=\"color: #000080;\">Mae pedwar clinig cof yn y bwrdd iechyd sy'n cynnwys nyrsys ac ymarferwyr meddygol clinig cof.\u00a0<\/span><\/p><p style=\"text-align: left;\"><span style=\"color: #000080;\">Caiff pob gwasanaeth hyn a hyn o gymorth gweinyddol a mynediad at y gwasanaethau seicoleg a therapi galwedigaethol at ddibenion asesu a llunio datganiadau. Os bydd angen asesiadau pellach (e.e. mewn achosion annodweddiadol), gall fod gofyn atgyfeirio'r claf at wasanaethau y tu hwnt i'r model presennol.<\/span><\/p><p style=\"text-align: left;\"><span style=\"color: #000080;\"><br \/><\/span><span style=\"color: #000080;\">Mae t\u00eem craidd y clinig cof ar gael yn ystod yr oriau gwaith o ddydd Llun i ddydd Gwener.<\/span><\/p>\t\t\t\t\t<\/div>\n\t\t\t\t\t\t<\/div>\n\t\t\t\t<\/div>\n\t\t\t\t\t\t<\/div>\n\t\t\t\t\t<\/div>\n\t\t<\/div>\n\t\t\t\t<div class=\"elementor-column elementor-col-33 elementor-inner-column elementor-element elementor-element-75d0720\" data-id=\"75d0720\" data-element_type=\"column\">\n\t\t\t<div class=\"elementor-column-wrap elementor-element-populated\">\n\t\t\t\t\t\t\t<div class=\"elementor-widget-wrap\">\n\t\t\t\t\t\t<div class=\"elementor-element elementor-element-3a6c747 elementor-widget elementor-widget-heading\" data-id=\"3a6c747\" data-element_type=\"widget\" data-widget_type=\"heading.default\">\n\t\t\t\t<div class=\"elementor-widget-container\">\n\t\t\t<h2 class=\"elementor-heading-title elementor-size-default\">Pwy sy\u2019n cael Atgyfeirio at y Gwasanaeth Clinig Cof?<\/h2>\t\t<\/div>\n\t\t\t\t<\/div>\n\t\t\t\t<div class=\"elementor-element elementor-element-161374b elementor-widget elementor-widget-text-editor\" data-id=\"161374b\" data-element_type=\"widget\" data-widget_type=\"text-editor.default\">\n\t\t\t\t<div class=\"elementor-widget-container\">\n\t\t\t\t\t\t\t\t<div class=\"elementor-text-editor elementor-clearfix\">\n\t\t\t\t\t<p style=\"text-align: left;\"><span style=\"color: #000080;\">Gall eich meddyg teulu, niwrolegydd neu feddyg arall eich atgyfeirio (unwaith y byddwch wedi cael asesiad a bod cyflyrau niwrolegol wedi cael eu diystyru) .<\/span><\/p><p style=\"text-align: left;\"><span style=\"color: #000080;\"><br \/><\/span><span style=\"color: #000080;\">Gallai gwasanaethau neu broffesiynau eraill fod am atgyfeirio cleifion at y gwasanaeth clinig cof. Gallai'r rhain gynnwys y t\u00eem iechyd meddwl cymunedol, ysbyty ac\u00edwt neu d\u00eem bregusrwydd a gallant wneud hynny trwy ddwyn eu pryderon i sylw meddyg teulu\u2019r unigolyn.  Gallant ofyn hefyd i'r meddyg teulu atgyfeirio'r claf at y clinig cof (gan atodi eu llythyr ynghylch eu pryderon os bydd hynny'n briodol), ynghyd \u00e2'r 'wybodaeth atgyfeirio' briodol, a ddisgrifir isod.<\/span><\/p>\t\t\t\t\t<\/div>\n\t\t\t\t\t\t<\/div>\n\t\t\t\t<\/div>\n\t\t\t\t\t\t<\/div>\n\t\t\t\t\t<\/div>\n\t\t<\/div>\n\t\t\t\t\t\t\t\t<\/div>\n\t\t\t\t\t<\/div>\n\t\t<\/section>\n\t\t\t\t<section class=\"elementor-section elementor-inner-section elementor-element elementor-element-0dd6e3b elementor-section-content-middle elementor-reverse-mobile elementor-section-boxed elementor-section-height-default elementor-section-height-default\" data-id=\"0dd6e3b\" data-element_type=\"section\">\n\t\t\t\t\t\t<div class=\"elementor-container elementor-column-gap-no\">\n\t\t\t\t\t\t\t<div class=\"elementor-row\">\n\t\t\t\t\t<div class=\"elementor-column elementor-col-33 elementor-inner-column elementor-element elementor-element-2dda7f1\" data-id=\"2dda7f1\" data-element_type=\"column\">\n\t\t\t<div class=\"elementor-column-wrap elementor-element-populated\">\n\t\t\t\t\t\t\t<div class=\"elementor-widget-wrap\">\n\t\t\t\t\t\t<div class=\"elementor-element elementor-element-096778d elementor-widget elementor-widget-heading\" data-id=\"096778d\" data-element_type=\"widget\" data-widget_type=\"heading.default\">\n\t\t\t\t<div class=\"elementor-widget-container\">\n\t\t\t<h2 class=\"elementor-heading-title elementor-size-default\">Meini Prawf Atgyfeirio at D\u00eem y Clinig Cof: <\/h2>\t\t<\/div>\n\t\t\t\t<\/div>\n\t\t\t\t<div class=\"elementor-element elementor-element-8d8c6b5 elementor-widget elementor-widget-text-editor\" data-id=\"8d8c6b5\" data-element_type=\"widget\" data-widget_type=\"text-editor.default\">\n\t\t\t\t<div class=\"elementor-widget-container\">\n\t\t\t\t\t\t\t\t<div class=\"elementor-text-editor elementor-clearfix\">\n\t\t\t\t\t<p style=\"text-align: left;\"><span style=\"color: #000080;\">Unigolion o bob oedran yr amheuir bod dementia arnynt, na ellir ei briodoli i gyflwr niwrolegol neu gyflwr iechyd meddwl hysbys neu i ddiagnosis blaenorol o'r cyfryw gyflwr (gweler y meini prawf eithrio isod)<\/span><\/p>\t\t\t\t\t<\/div>\n\t\t\t\t\t\t<\/div>\n\t\t\t\t<\/div>\n\t\t\t\t<div class=\"elementor-element elementor-element-a912362 elementor-widget elementor-widget-heading\" data-id=\"a912362\" data-element_type=\"widget\" data-widget_type=\"heading.default\">\n\t\t\t\t<div class=\"elementor-widget-container\">\n\t\t\t<h2 class=\"elementor-heading-title elementor-size-default\">Gwybodaeth Atgyfeirio<\/h2>\t\t<\/div>\n\t\t\t\t<\/div>\n\t\t\t\t<div class=\"elementor-element elementor-element-71b6f89 elementor-widget elementor-widget-text-editor\" data-id=\"71b6f89\" data-element_type=\"widget\" data-widget_type=\"text-editor.default\">\n\t\t\t\t<div class=\"elementor-widget-container\">\n\t\t\t\t\t\t\t\t<div class=\"elementor-text-editor elementor-clearfix\">\n\t\t\t\t\t<p style=\"text-align: left;\"><span style=\"color: #000080;\">Bydd penderfyniadau i dderbyn neu wrthod atgyfeiriad yn cael eu gwneud gan benderfynwyr clinigol uwch wrth i atgyfeiriadau gyrraedd swyddfa'r t\u00eem trwy\u2019r post. (Ni chaiff atgyfeiriadau electronig ac atgyfeiriadau dros y ff\u00f4n eu derbyn yn y swyddfa ar hyn o bryd).<\/span><\/p><p style=\"text-align: left;\"><span style=\"color: #000080;\">\u00a0Os bydd ansicrwydd ynghylch priodoldeb atgyfeiriad, ymgynghorir \u00e2 phenderfynwr clinigol uwch arall. Yn ystod y broses hon dylai'r wybodaeth sylfaenol ganlynol fod ar gael, naill ai trwy\u2019r atgyfeiriad gan y meddyg teulu neu'r partner gofal.\u00a0<\/span><\/p><p style=\"text-align: left;\"><span style=\"color: #000080;\">\u00a0Ni dderbynnir atgyfeiriadau heb yr wybodaeth ganlynol:<\/span><\/p><p style=\"text-align: left;\"><span style=\"color: #000080;\"><br \/><\/span><span style=\"color: #000080;\">Manylion personol y claf (enw, cyfeiriad, dyddiad geni)<\/span><\/p><p style=\"text-align: left;\"><span style=\"color: #000080;\">Disgrifiad byr o'r anawsterau (gan gynnwys caniat\u00e2d i atgyfeirio)<\/span><\/p><p style=\"text-align: left;\"><span style=\"color: #000080;\">Hanes meddygol\u00a0 \u00a0<\/span><span style=\"color: #000080;\">\u00a0iechyd corfforol ac iechyd meddwl, manylion archwiliadau meddygol yn y gorffennol ac archwiliadau sy'n parhau.<\/span><\/p><p style=\"text-align: left;\"><span style=\"color: #000080;\">Meddyginiaeth gyfredol<\/span><\/p><p style=\"text-align: left;\"><span style=\"color: #000080;\">Canlyniadau profion: hematoleg arferol; profion biocemeg (electrolytau, calsiwm, glwcos a gweithrediad yr arennau a'r afu); profion gweithrediad y thyroid; lefelau Fitamin B12 a ffolad serwm; electrocardiograff a phrawf wrin canol llif os yw deliriwm yn bosibilrwydd<\/span><\/p><p style=\"text-align: left;\"><span style=\"color: #000080;\">Unrhyw gysylltiad \u00e2 gwasanaeth arall (yn awr neu yn y gorffennol)<\/span><\/p><p style=\"text-align: left;\"><span style=\"color: #000080;\">Unrhyw risgiau posibl sy'n bresennol (e.e. diffyg mewnwelediad\/gallu i gydsynio)<\/span><\/p><p style=\"text-align: left;\"><span style=\"color: #000080;\">Gwybodaeth am y 'gofalwr' penodol neu\u2019r perthynas agosaf (os bydd hynny'n briodol)<\/span><\/p><p style=\"text-align: left;\"><span style=\"color: #000080;\">Gwybodaeth am yr<\/span><span style=\"color: #000080;\">archwiliad corfforol a wnaed (os gwnaed un)<\/span><\/p><p style=\"text-align: left;\"><span style=\"color: #000080;\">Niwroddelweddu (tomograffeg gyfrifiadurol, delweddu atseiniol magnetig neu fath arall) defnyddiwch y templed 'sgrinio dementia' i ofyn am sgan. <\/span><\/p><p style=\"text-align: left;\"><span style=\"color: #000080;\">\u00a0<\/span><\/p>\t\t\t\t\t<\/div>\n\t\t\t\t\t\t<\/div>\n\t\t\t\t<\/div>\n\t\t\t\t\t\t<\/div>\n\t\t\t\t\t<\/div>\n\t\t<\/div>\n\t\t\t\t<div class=\"elementor-column elementor-col-33 elementor-inner-column elementor-element elementor-element-3dd5497\" data-id=\"3dd5497\" data-element_type=\"column\">\n\t\t\t<div class=\"elementor-column-wrap elementor-element-populated\">\n\t\t\t\t\t\t\t<div class=\"elementor-widget-wrap\">\n\t\t\t\t\t\t<div class=\"elementor-element elementor-element-6ab635b elementor-widget elementor-widget-heading\" data-id=\"6ab635b\" data-element_type=\"widget\" data-widget_type=\"heading.default\">\n\t\t\t\t<div class=\"elementor-widget-container\">\n\t\t\t<h2 class=\"elementor-heading-title elementor-size-default\">Meini Prawf Eithrio<\/h2>\t\t<\/div>\n\t\t\t\t<\/div>\n\t\t\t\t<div class=\"elementor-element elementor-element-a40edde elementor-widget elementor-widget-text-editor\" data-id=\"a40edde\" data-element_type=\"widget\" data-widget_type=\"text-editor.default\">\n\t\t\t\t<div class=\"elementor-widget-container\">\n\t\t\t\t\t\t\t\t<div class=\"elementor-text-editor elementor-clearfix\">\n\t\t\t\t\t<p style=\"text-align: left;\"><span style=\"color: #000080;\">Er mwyn hwyluso asesiad sylfaenol ffurfiol a manwl gywir, dylai unigolion sydd ag anhwylder sy'n effeithio ar dymer, gorbryder neu anhwylder seiciatrig difrifol neu gymedrol hysbys gael eu hatgyfeirio yn gyntaf at y T\u00eem Iechyd Meddwl Cymunedol a fydd yn eu hasesu ac yn eu trin (os bydd hynny'n briodol). Dylid gwneud hynny gyda golwg ar atgyfeirio'r unigolion yn \u00f4l at y clinig cof, unwaith y bydd eu tymer yn 'sefydlog' ac y penderfynwyd nad yw eu hiechyd meddwl yn achosi eu hanawsterau cofio.<\/span><\/p><p style=\"text-align: left;\"><span style=\"color: #000080;\">Unigolion \u00e2 chyflyrau iechyd corfforol (e.e. canser, anhwylderau metabolig): dylid ymchwilio i newid gwybyddiaeth a gysylltir dros dro \u00e2 newidiadau o ran iechyd corfforol neu \u00e2 chyflwyno meddyginiaeth y gwyddys ei bod yn newid gweithrediad gwybyddol a dylid diystyru cysylltiadau achosol cyn derbyn yr atgyfeiriad.\u00a0<\/span><\/p><p style=\"text-align: left;\"><span style=\"color: #000080;\">Dylai cleifion sydd \u00e2 phroblemau sylweddol hysbys o ran camddefnyddio alcohol neu gamddefnyddio sylweddau gael eu hatgyfeirio at y gwasanaeth priodol cyn cysylltu \u00e2'r clinig cof (e.e. y T\u00eem Cyffuriau ac Alcohol Cymunedol). Ni fyddid yn argymell gwerthusiad manwl gywir o weithrediad gwybyddol nes bod yr unigolyn wedi ymatal rhag defnyddio cyffuriau\/alcohol am 3-6 mis.<\/span><\/p><p style=\"text-align: left;\"><span style=\"color: #000080;\">Dylai unigolion ag anhwylderau niwrolegol gweithredol hysbys (e.e. anhwylder trawiadau nad ydynt yn rhai epileptig) neu gyflwr niwrolegol (e.e. epilepsi, sglerosis ymledol, anhwylderau mitochondriaidd, meigryn cronig) gael eu hatgyfeirio at y gwasanaethau priodol.\u00a0\u00a0<\/span><\/p><p style=\"text-align: left;\"><span style=\"color: #000080;\">Dylai unigolion y gwyddys eu bod wedi cael anaf neu anaf drawmatig i'r ymennydd (gan gynnwys anaf hypocsig i'r ymennydd, haint neu chwydd ar yr ymennydd oherwydd meningitis, enceffalitis, str\u00f4c gwaedlifol sy'n gofyn am niwrolawdriniaeth; str\u00f4c ischemig[1]) gael eu hatgyfeirio at y gwasanaethau priodol.<\/span><\/p><p style=\"text-align: left;\"><span style=\"color: #000080;\">Dylai unigolion y gwyddys bod ganddynt anabledd dysgu gael eu hatgyfeirio at y gwasanaethau anableddau dysgu i gael asesiad a chymorth, oni wneir cais penodol iddynt gael eu gweld gan y T\u00eem Clinig Cof Gofal Sylfaenol.\u00a0<\/span><\/p><p style=\"text-align: left;\"><span style=\"color: #000080;\">Dylai unigolion sydd eisoes wedi derbyn diagnosis dementia (e.e. cais am adolygu meddyginiaeth pan fydd ymddygiad yn newid) gael eu hatgyfeirio at y T\u00eem Iechyd Meddwl Cymunedol neu'r cynllun rhannu gofal (gweler y polisi 'Canllawiau Presgripsiynau Cymorth').\u00a0<\/span><\/p><div style=\"text-align: left;\">\u00a0<\/div>\t\t\t\t\t<\/div>\n\t\t\t\t\t\t<\/div>\n\t\t\t\t<\/div>\n\t\t\t\t\t\t<\/div>\n\t\t\t\t\t<\/div>\n\t\t<\/div>\n\t\t\t\t<div class=\"elementor-column elementor-col-33 elementor-inner-column elementor-element elementor-element-ac2a4b5\" data-id=\"ac2a4b5\" data-element_type=\"column\">\n\t\t\t<div class=\"elementor-column-wrap elementor-element-populated\">\n\t\t\t\t\t\t\t<div class=\"elementor-widget-wrap\">\n\t\t\t\t\t\t<div class=\"elementor-element elementor-element-59ad1e9 elementor-widget elementor-widget-heading\" data-id=\"59ad1e9\" data-element_type=\"widget\" data-widget_type=\"heading.default\">\n\t\t\t\t<div class=\"elementor-widget-container\">\n\t\t\t<h2 class=\"elementor-heading-title elementor-size-default\">Asesu<\/h2>\t\t<\/div>\n\t\t\t\t<\/div>\n\t\t\t\t<div class=\"elementor-element elementor-element-51763d4 elementor-widget elementor-widget-text-editor\" data-id=\"51763d4\" data-element_type=\"widget\" data-widget_type=\"text-editor.default\">\n\t\t\t\t<div class=\"elementor-widget-container\">\n\t\t\t\t\t\t\t\t<div class=\"elementor-text-editor elementor-clearfix\">\n\t\t\t\t\t<p style=\"text-align: left;\"><span style=\"color: #000080;\">Fel safon ofynnol, dylai'r asesiad anelu at gwmpasu'r canlynol:<\/span><\/p><p style=\"text-align: left;\"><span style=\"color: #000080;\"><strong>Cyfweliad Clinigol<\/strong><\/span><\/p><p style=\"text-align: left;\"><span style=\"color: #000080;\">Dylai'r cyfweliad hwn gofnodi barn y claf a'r hysbysydd (lle y bydd hynny'n bosibl) ar yr anawsterau presennol, gan gyfeirio'n benodol at y canlynol:\u00a0<\/span><\/p><p style=\"text-align: left;\"><span style=\"color: #000080;\">Gwybyddiaeth \u2013 e.e. cof, iaith, sylw, golwg, sgiliau gwybyddol uwch\u00a0<\/span><\/p><p style=\"text-align: left;\"><span style=\"color: #000080;\">Iechyd corfforol \u2013 e.e. iechyd metabolig, cardiofasgwlaidd, niwrolegol<\/span><\/p><p style=\"text-align: left;\"><span style=\"color: #000080;\">Sgiliau echddygol \u2013 gan gynnwys hanes codymau a risg codymau'r unigolyn<\/span><\/p><p style=\"text-align: left;\"><span style=\"color: #000080;\">Tymer \u2013 newidiadau o ran llesiant emosiynol yr unigolyn<\/span><\/p><p style=\"text-align: left;\"><span style=\"color: #000080;\">Ymddygiad\/personoliaeth, e.e. cychwyn, diddordeb, tymer flin<\/span><\/p><p style=\"text-align: left;\"><span style=\"color: #000080;\">Adroddiadau goddrychol am newidiadau i weithgareddau hanfodol bywyd beunyddiol<\/span><\/p><p style=\"text-align: left;\"><span style=\"color: #000080;\">Hanes y teulu \u2013 h.y. a oes hanes o ddementia yn y teulu?<\/span><\/p><p style=\"text-align: left;\"><span style=\"color: #000080;\">Materion systemig \u2013 e.e. sefyllfa ac amgylchiadau byw yr unigolyn, straen parhaus<\/span><\/p><p style=\"text-align: left;\"><span style=\"color: #000080;\">Asesiad risg \u2013 dylai hwn gwmpasu gyrru<\/span><\/p><p style=\"text-align: left;\"><span style=\"color: #000080;\">Holiadur ynghylch y gallu i weithredu\/holiadur hysbysydd ynghylch gweithredu: holiadur asesu gweithrediad (Functional Assessment Questionnaire) a argymhellwyd gan NICE (2018).<\/span><\/p><p style=\"text-align: left;\"><strong><span style=\"color: #000080;\">Asesiad Gwybyddol<\/span><\/strong><\/p><p style=\"text-align: left;\"><span style=\"color: #000080;\">Argymhellir defnyddio archwiliad gwybyddol Addenbrooke-iii (fersiwn y Deyrnas Unedig) gan mai hwn yw'r dull sgrinio mwyaf sensitif o safbwynt clinigol. Dylid defnyddio gwahanol fersiynau wrth ailadrodd yr asesiadau (h.y. at ddibenion monitro).<\/span><\/p><p style=\"text-align: left;\"><span style=\"color: #000080;\">Dylid defnyddio prawf MOCA-blind \u00e2 chleifion sydd \u00e2 nam ar eu golwg.<\/span><\/p><p style=\"text-align: left;\"><span style=\"color: #000080;\">. Asesu tymer: Graddfa Gorbryder ac Iselder Ysbyty (HADS)<\/span><\/p>\t\t\t\t\t<\/div>\n\t\t\t\t\t\t<\/div>\n\t\t\t\t<\/div>\n\t\t\t\t\t\t<\/div>\n\t\t\t\t\t<\/div>\n\t\t<\/div>\n\t\t\t\t\t\t\t\t<\/div>\n\t\t\t\t\t<\/div>\n\t\t<\/section>\n\t\t\t\t\t\t<\/div>\n\t\t\t\t\t<\/div>\n\t\t<\/div>\n\t\t\t\t\t\t\t\t<\/div>\n\t\t\t\t\t<\/div>\n\t\t<\/section>\n\t\t\t\t\t\t<\/div>\n\t\t\t\t\t\t<\/div>\n\t\t\t\t\t<\/div>","protected":false},"excerpt":{"rendered":"<p>Wellbeing Walks Community Mental Health Support Well Being Support At Home Primary Care Mental Health Team The Memory Clinic Team Model There are 4 memory clinics within the health board made up of memory clinic nurses and medical practitioners.&nbsp; Each service has limited administrative support and access to Psychology and Occupational Therapy for assessment and &hellip; <\/p>\n<p class=\"link-more\"><a href=\"https:\/\/tywitaftogether.gpwales.com\/cy\/primary-care-mental-health\/\" class=\"more-link\">Parhau i ddarllen<span class=\"screen-reader-text\"> &#8220;Primary Care Mental Health Team&#8221;<\/span><\/a><\/p>","protected":false},"author":1,"featured_media":0,"parent":0,"menu_order":0,"comment_status":"closed","ping_status":"closed","template":"elementor_header_footer","meta":[],"_links":{"self":[{"href":"https:\/\/tywitaftogether.gpwales.com\/cy\/wp-json\/wp\/v2\/pages\/522"}],"collection":[{"href":"https:\/\/tywitaftogether.gpwales.com\/cy\/wp-json\/wp\/v2\/pages"}],"about":[{"href":"https:\/\/tywitaftogether.gpwales.com\/cy\/wp-json\/wp\/v2\/types\/page"}],"author":[{"embeddable":true,"href":"https:\/\/tywitaftogether.gpwales.com\/cy\/wp-json\/wp\/v2\/users\/1"}],"replies":[{"embeddable":true,"href":"https:\/\/tywitaftogether.gpwales.com\/cy\/wp-json\/wp\/v2\/comments?post=522"}],"version-history":[{"count":27,"href":"https:\/\/tywitaftogether.gpwales.com\/cy\/wp-json\/wp\/v2\/pages\/522\/revisions"}],"predecessor-version":[{"id":1211,"href":"https:\/\/tywitaftogether.gpwales.com\/cy\/wp-json\/wp\/v2\/pages\/522\/revisions\/1211"}],"wp:attachment":[{"href":"https:\/\/tywitaftogether.gpwales.com\/cy\/wp-json\/wp\/v2\/media?parent=522"}],"curies":[{"name":"wp","href":"https:\/\/api.w.org\/{rel}","templated":true}]}}