{"id":41,"date":"2018-10-11T07:43:57","date_gmt":"2018-10-11T07:43:57","guid":{"rendered":"https:\/\/tywitaftogether.gpwales.com\/?page_id=41"},"modified":"2022-06-10T10:03:41","modified_gmt":"2022-06-10T10:03:41","slug":"socialworkers","status":"publish","type":"page","link":"https:\/\/tywitaftogether.gpwales.com\/cy\/socialworkers\/","title":{"rendered":"Gweithwyr Cymdeithasol"},"content":{"rendered":"<div data-elementor-type=\"wp-post\" data-elementor-id=\"41\" class=\"elementor elementor-41 elementor-bc-flex-widget\" data-elementor-settings=\"[]\">\n\t\t\t\t\t\t<div class=\"elementor-inner\">\n\t\t\t\t\t\t\t<div class=\"elementor-section-wrap\">\n\t\t\t\t\t\t\t<section class=\"elementor-section elementor-top-section elementor-element elementor-element-7305d3b1 elementor-section-content-middle elementor-section-boxed elementor-section-height-default elementor-section-height-default\" data-id=\"7305d3b1\" data-element_type=\"section\">\n\t\t\t\t\t\t<div class=\"elementor-container elementor-column-gap-no\">\n\t\t\t\t\t\t\t<div class=\"elementor-row\">\n\t\t\t\t\t<div class=\"elementor-column elementor-col-100 elementor-top-column elementor-element elementor-element-af5b5c6\" data-id=\"af5b5c6\" data-element_type=\"column\">\n\t\t\t<div class=\"elementor-column-wrap elementor-element-populated\">\n\t\t\t\t\t\t\t<div class=\"elementor-widget-wrap\">\n\t\t\t\t\t\t<div class=\"elementor-element elementor-element-3724b232 elementor-widget elementor-widget-heading\" data-id=\"3724b232\" data-element_type=\"widget\" data-widget_type=\"heading.default\">\n\t\t\t\t<div class=\"elementor-widget-container\">\n\t\t\t<h2 class=\"elementor-heading-title elementor-size-default\">Y T\u00eem Gwaith Cymdeithasol<\/h2>\t\t<\/div>\n\t\t\t\t<\/div>\n\t\t\t\t<section class=\"elementor-section elementor-inner-section elementor-element elementor-element-746b56be elementor-section-content-middle elementor-reverse-mobile elementor-section-boxed elementor-section-height-default elementor-section-height-default\" data-id=\"746b56be\" data-element_type=\"section\">\n\t\t\t\t\t\t<div class=\"elementor-container elementor-column-gap-no\">\n\t\t\t\t\t\t\t<div class=\"elementor-row\">\n\t\t\t\t\t<div class=\"elementor-column elementor-col-50 elementor-inner-column elementor-element elementor-element-750c3bae\" data-id=\"750c3bae\" data-element_type=\"column\">\n\t\t\t<div class=\"elementor-column-wrap elementor-element-populated\">\n\t\t\t\t\t\t\t<div class=\"elementor-widget-wrap\">\n\t\t\t\t\t\t<div class=\"elementor-element elementor-element-d7618e1 elementor-widget elementor-widget-global elementor-global-272 elementor-widget-image\" data-id=\"d7618e1\" data-element_type=\"widget\" data-widget_type=\"image.default\">\n\t\t\t\t<div class=\"elementor-widget-container\">\n\t\t\t\t\t\t\t\t<div class=\"elementor-image\">\n\t\t\t\t\t\t\t\t\t\t\t\t<img width=\"525\" height=\"394\" src=\"https:\/\/tywitaftogether.gpwales.com\/files\/2018\/11\/Network-1024x769.png\" class=\"attachment-large size-large\" alt=\"\" loading=\"lazy\" srcset=\"https:\/\/tywitaftogether.gpwales.com\/files\/2018\/11\/Network-1024x769.png 1024w, https:\/\/tywitaftogether.gpwales.com\/files\/2018\/11\/Network-300x225.png 300w, https:\/\/tywitaftogether.gpwales.com\/files\/2018\/11\/Network-768x577.png 768w, https:\/\/tywitaftogether.gpwales.com\/files\/2018\/11\/Network.png 1280w\" sizes=\"100vw\" \/>\t\t\t\t\t\t\t\t\t\t\t\t\t\t<\/div>\n\t\t\t\t\t\t<\/div>\n\t\t\t\t<\/div>\n\t\t\t\t\t\t<\/div>\n\t\t\t\t\t<\/div>\n\t\t<\/div>\n\t\t\t\t<div class=\"elementor-column elementor-col-50 elementor-inner-column elementor-element elementor-element-6c384d90\" data-id=\"6c384d90\" data-element_type=\"column\">\n\t\t\t<div class=\"elementor-column-wrap elementor-element-populated\">\n\t\t\t\t\t\t\t<div class=\"elementor-widget-wrap\">\n\t\t\t\t\t\t<div class=\"elementor-element elementor-element-5c9d9007 elementor-widget elementor-widget-heading\" data-id=\"5c9d9007\" data-element_type=\"widget\" data-widget_type=\"heading.default\">\n\t\t\t\t<div class=\"elementor-widget-container\">\n\t\t\t<h2 class=\"elementor-heading-title elementor-size-default\">Gweithwyr Cymdeithasol<\/h2>\t\t<\/div>\n\t\t\t\t<\/div>\n\t\t\t\t<div class=\"elementor-element elementor-element-3a476100 elementor-widget elementor-widget-text-editor\" data-id=\"3a476100\" data-element_type=\"widget\" data-widget_type=\"text-editor.default\">\n\t\t\t\t<div class=\"elementor-widget-container\">\n\t\t\t\t\t\t\t\t<div class=\"elementor-text-editor elementor-clearfix\">\n\t\t\t\t\t<p style=\"text-align: left;\"><span style=\"color: #000080;\">Rydym yn d\u00eem o weithwyr cymdeithasol a chynorthwywyr rheoli gofal sy'n gweithio gydag oedolion sy'n h\u0177n na 18 oed a chanddynt anabledd corfforol, pobl h\u0177n sy'n 65 mlwydd oed neu'n h\u0177n a chanddynt anghenion gofal a chymorth, a gofalwyr.<\/span><\/p><p style=\"text-align: left;\"><span style=\"color: #000080;\">Rydym yn darparu gwybodaeth, cyngor a chymorth, yn cynnal asesiadau ac yn datblygu cynlluniau gofal a chymorth. Gweithiwn ochr yn ochr \u00e2'r sector gwirfoddol i ddarparu gwasanaethau ataliol. Defnyddiwn ddull cydgynhyrchu yn ein holl waith sy'n golygu bod unigolion a'u lles wrth wraidd pob dim a wnawn. Rhown gymorth i bobl aros yn annibynnol a datblygu eu hadnoddau eu hunain.<\/span><\/p><p style=\"text-align: left;\"><span style=\"color: #000080;\">Rydym yn gweithio ar draws ardal ddaearyddol Tywi Taf Gyda'n Gilydd ar sail amlasiantaeth gan weithio gyda chydweithwyr sy'n feddygon teulu, therapyddion galwedigaethol, ffisiotherapyddion, nyrsys arbenigol, ymarferwyr iechyd meddwl a seicolegwyr er mwyn sicrhau bod unigolion yn derbyn gwasanaeth cydweithredol a di-dor. Mae\u2019n bosibl atgyfeirio pobl atom trwy ein gwasanaeth gwybodaeth, cymorth a chyngor trwy <span style=\"text-decoration: underline;\"><strong><a style=\"color: #000080; text-decoration: underline;\" href=\"http:\/\/www.deltawellbeing.org.uk\/about-us\/\" target=\"_blank\" rel=\"noopener\">Llesiant Delta Wellbeing<\/a><\/strong><\/span> trwy ffonio <a style=\"color: #000080;\" href=\"tel:03003332222\"><strong>0300 333 2222<\/strong><\/a>.   Derbyniwn hunanatgyfeiriadau neu atgyfeiriadau gan unrhyw un \u00e2 chydsyniad y sawl y tybir bod arno\/arni angen gofal a chymorth.<\/span><\/p>\t\t\t\t\t<\/div>\n\t\t\t\t\t\t<\/div>\n\t\t\t\t<\/div>\n\t\t\t\t\t\t<\/div>\n\t\t\t\t\t<\/div>\n\t\t<\/div>\n\t\t\t\t\t\t\t\t<\/div>\n\t\t\t\t\t<\/div>\n\t\t<\/section>\n\t\t\t\t\t\t<\/div>\n\t\t\t\t\t<\/div>\n\t\t<\/div>\n\t\t\t\t\t\t\t\t<\/div>\n\t\t\t\t\t<\/div>\n\t\t<\/section>\n\t\t\t\t\t\t<\/div>\n\t\t\t\t\t\t<\/div>\n\t\t\t\t\t<\/div>","protected":false},"excerpt":{"rendered":"<p>Social Work Team Social Workers We are a team of social workers and care management assistants who work with adults over the age of 18 with a physical disability, older people who are 65 years or over with care and support needs and carers. We provide information, advice and assistance, undertake assessments, develop care and &hellip; <\/p>\n<p class=\"link-more\"><a href=\"https:\/\/tywitaftogether.gpwales.com\/cy\/socialworkers\/\" class=\"more-link\">Parhau i ddarllen<span class=\"screen-reader-text\"> &#8220;Social Workers&#8221;<\/span><\/a><\/p>","protected":false},"author":1,"featured_media":0,"parent":0,"menu_order":0,"comment_status":"closed","ping_status":"closed","template":"elementor_header_footer","meta":[],"_links":{"self":[{"href":"https:\/\/tywitaftogether.gpwales.com\/cy\/wp-json\/wp\/v2\/pages\/41"}],"collection":[{"href":"https:\/\/tywitaftogether.gpwales.com\/cy\/wp-json\/wp\/v2\/pages"}],"about":[{"href":"https:\/\/tywitaftogether.gpwales.com\/cy\/wp-json\/wp\/v2\/types\/page"}],"author":[{"embeddable":true,"href":"https:\/\/tywitaftogether.gpwales.com\/cy\/wp-json\/wp\/v2\/users\/1"}],"replies":[{"embeddable":true,"href":"https:\/\/tywitaftogether.gpwales.com\/cy\/wp-json\/wp\/v2\/comments?post=41"}],"version-history":[{"count":18,"href":"https:\/\/tywitaftogether.gpwales.com\/cy\/wp-json\/wp\/v2\/pages\/41\/revisions"}],"predecessor-version":[{"id":1213,"href":"https:\/\/tywitaftogether.gpwales.com\/cy\/wp-json\/wp\/v2\/pages\/41\/revisions\/1213"}],"wp:attachment":[{"href":"https:\/\/tywitaftogether.gpwales.com\/cy\/wp-json\/wp\/v2\/media?parent=41"}],"curies":[{"name":"wp","href":"https:\/\/api.w.org\/{rel}","templated":true}]}}