{"id":150,"date":"2018-11-21T15:18:00","date_gmt":"2018-11-21T15:18:00","guid":{"rendered":"https:\/\/tywitaftogether.gpwales.com\/?page_id=150"},"modified":"2022-06-10T09:32:27","modified_gmt":"2022-06-10T09:32:27","slug":"acute-response-team","status":"publish","type":"page","link":"https:\/\/tywitaftogether.gpwales.com\/cy\/acute-response-team\/","title":{"rendered":"T\u00eem Ymateb Ac\u00edwt"},"content":{"rendered":"<div data-elementor-type=\"wp-post\" data-elementor-id=\"150\" class=\"elementor elementor-150 elementor-bc-flex-widget\" data-elementor-settings=\"[]\">\n\t\t\t\t\t\t<div class=\"elementor-inner\">\n\t\t\t\t\t\t\t<div class=\"elementor-section-wrap\">\n\t\t\t\t\t\t\t<section class=\"elementor-section elementor-top-section elementor-element elementor-element-7305d3b1 elementor-section-content-middle elementor-section-boxed elementor-section-height-default elementor-section-height-default\" data-id=\"7305d3b1\" data-element_type=\"section\">\n\t\t\t\t\t\t<div class=\"elementor-container elementor-column-gap-no\">\n\t\t\t\t\t\t\t<div class=\"elementor-row\">\n\t\t\t\t\t<div class=\"elementor-column elementor-col-100 elementor-top-column elementor-element elementor-element-af5b5c6\" data-id=\"af5b5c6\" data-element_type=\"column\">\n\t\t\t<div class=\"elementor-column-wrap elementor-element-populated\">\n\t\t\t\t\t\t\t<div class=\"elementor-widget-wrap\">\n\t\t\t\t\t\t<div class=\"elementor-element elementor-element-3724b232 elementor-widget elementor-widget-heading\" data-id=\"3724b232\" data-element_type=\"widget\" data-widget_type=\"heading.default\">\n\t\t\t\t<div class=\"elementor-widget-container\">\n\t\t\t<h2 class=\"elementor-heading-title elementor-size-default\">T\u00eem Ymateb Ac\u00edwt<\/h2>\t\t<\/div>\n\t\t\t\t<\/div>\n\t\t\t\t<section class=\"elementor-section elementor-inner-section elementor-element elementor-element-746b56be elementor-section-content-middle elementor-reverse-mobile elementor-section-boxed elementor-section-height-default elementor-section-height-default\" data-id=\"746b56be\" data-element_type=\"section\">\n\t\t\t\t\t\t<div class=\"elementor-container elementor-column-gap-no\">\n\t\t\t\t\t\t\t<div class=\"elementor-row\">\n\t\t\t\t\t<div class=\"elementor-column elementor-col-50 elementor-inner-column elementor-element elementor-element-750c3bae\" data-id=\"750c3bae\" data-element_type=\"column\">\n\t\t\t<div class=\"elementor-column-wrap elementor-element-populated\">\n\t\t\t\t\t\t\t<div class=\"elementor-widget-wrap\">\n\t\t\t\t\t\t<div class=\"elementor-element elementor-element-2b72b0ea elementor-widget elementor-widget-image\" data-id=\"2b72b0ea\" data-element_type=\"widget\" data-widget_type=\"image.default\">\n\t\t\t\t<div class=\"elementor-widget-container\">\n\t\t\t\t\t\t\t\t<div class=\"elementor-image\">\n\t\t\t\t\t\t\t\t\t\t\t\t<img width=\"525\" height=\"525\" src=\"https:\/\/tywitaftogether.gpwales.com\/files\/2018\/11\/medic-1024x1024.jpg\" class=\"attachment-large size-large\" alt=\"\" loading=\"lazy\" srcset=\"https:\/\/tywitaftogether.gpwales.com\/files\/2018\/11\/medic-1024x1024.jpg 1024w, https:\/\/tywitaftogether.gpwales.com\/files\/2018\/11\/medic-150x150.jpg 150w, https:\/\/tywitaftogether.gpwales.com\/files\/2018\/11\/medic-300x300.jpg 300w, https:\/\/tywitaftogether.gpwales.com\/files\/2018\/11\/medic-768x768.jpg 768w, https:\/\/tywitaftogether.gpwales.com\/files\/2018\/11\/medic-100x100.jpg 100w, https:\/\/tywitaftogether.gpwales.com\/files\/2018\/11\/medic.jpg 1920w\" sizes=\"100vw\" \/>\t\t\t\t\t\t\t\t\t\t\t\t\t\t<\/div>\n\t\t\t\t\t\t<\/div>\n\t\t\t\t<\/div>\n\t\t\t\t\t\t<\/div>\n\t\t\t\t\t<\/div>\n\t\t<\/div>\n\t\t\t\t<div class=\"elementor-column elementor-col-50 elementor-inner-column elementor-element elementor-element-6c384d90\" data-id=\"6c384d90\" data-element_type=\"column\">\n\t\t\t<div class=\"elementor-column-wrap elementor-element-populated\">\n\t\t\t\t\t\t\t<div class=\"elementor-widget-wrap\">\n\t\t\t\t\t\t<div class=\"elementor-element elementor-element-5c9d9007 elementor-widget elementor-widget-heading\" data-id=\"5c9d9007\" data-element_type=\"widget\" data-widget_type=\"heading.default\">\n\t\t\t\t<div class=\"elementor-widget-container\">\n\t\t\t<h2 class=\"elementor-heading-title elementor-size-default\">T\u00eem Ymateb Ac\u00edwt  (TYA)<\/h2>\t\t<\/div>\n\t\t\t\t<\/div>\n\t\t\t\t<div class=\"elementor-element elementor-element-3a476100 elementor-widget elementor-widget-text-editor\" data-id=\"3a476100\" data-element_type=\"widget\" data-widget_type=\"text-editor.default\">\n\t\t\t\t<div class=\"elementor-widget-container\">\n\t\t\t\t\t\t\t\t<div class=\"elementor-text-editor elementor-clearfix\">\n\t\t\t\t\t<p style=\"text-align: left;\"><span style=\"color: #000080;\">Diben T\u00eem Ymateb Ac\u00edwt y gymuned yw atal derbyn cleifion i'r ysbyty a hwyluso rhyddhau cleifion o'r ysbyty trwy ddarparu ymyriadau nyrsio ac\u00edwt yng nghartref y claf, e.e. hylifau a gwrthfiotigau mewnwythiennol, trallwysiadau gwaed a phlatennau a mynediad cyflym at gymorth nyrsio y tu allan i oriau ar gyfer cleifion gofal lliniarol a chleifion \u00e2 salwch terfynol.\u00a0<\/span><\/p><p style=\"text-align: left;\"><span style=\"color: #000080;\">Mae'r gwasanaeth hwn ar waith bob awr o bob dydd.<\/span><\/p>\t\t\t\t\t<\/div>\n\t\t\t\t\t\t<\/div>\n\t\t\t\t<\/div>\n\t\t\t\t\t\t<\/div>\n\t\t\t\t\t<\/div>\n\t\t<\/div>\n\t\t\t\t\t\t\t\t<\/div>\n\t\t\t\t\t<\/div>\n\t\t<\/section>\n\t\t\t\t\t\t<\/div>\n\t\t\t\t\t<\/div>\n\t\t<\/div>\n\t\t\t\t\t\t\t\t<\/div>\n\t\t\t\t\t<\/div>\n\t\t<\/section>\n\t\t\t\t\t\t<\/div>\n\t\t\t\t\t\t<\/div>\n\t\t\t\t\t<\/div>","protected":false},"excerpt":{"rendered":"<p>Acute Response Team Acute Response Team (ART) The community&#8217;s Acute Response Team (ART) exists to prevent admission and facilitate discharge through the delivery of acute nursing interventions within the patient\u2019s home, e.g. intravenous antibiotics, fluids, blood and platelet transfusions and rapid out of hour access to nursing support for palliative and terminally ill patients.&nbsp; This &hellip; <\/p>\n<p class=\"link-more\"><a href=\"https:\/\/tywitaftogether.gpwales.com\/cy\/acute-response-team\/\" class=\"more-link\">Parhau i ddarllen<span class=\"screen-reader-text\"> &#8220;Acute Response Team&#8221;<\/span><\/a><\/p>","protected":false},"author":1,"featured_media":0,"parent":0,"menu_order":0,"comment_status":"closed","ping_status":"closed","template":"elementor_header_footer","meta":[],"_links":{"self":[{"href":"https:\/\/tywitaftogether.gpwales.com\/cy\/wp-json\/wp\/v2\/pages\/150"}],"collection":[{"href":"https:\/\/tywitaftogether.gpwales.com\/cy\/wp-json\/wp\/v2\/pages"}],"about":[{"href":"https:\/\/tywitaftogether.gpwales.com\/cy\/wp-json\/wp\/v2\/types\/page"}],"author":[{"embeddable":true,"href":"https:\/\/tywitaftogether.gpwales.com\/cy\/wp-json\/wp\/v2\/users\/1"}],"replies":[{"embeddable":true,"href":"https:\/\/tywitaftogether.gpwales.com\/cy\/wp-json\/wp\/v2\/comments?post=150"}],"version-history":[{"count":10,"href":"https:\/\/tywitaftogether.gpwales.com\/cy\/wp-json\/wp\/v2\/pages\/150\/revisions"}],"predecessor-version":[{"id":923,"href":"https:\/\/tywitaftogether.gpwales.com\/cy\/wp-json\/wp\/v2\/pages\/150\/revisions\/923"}],"wp:attachment":[{"href":"https:\/\/tywitaftogether.gpwales.com\/cy\/wp-json\/wp\/v2\/media?parent=150"}],"curies":[{"name":"wp","href":"https:\/\/api.w.org\/{rel}","templated":true}]}}