{"id":140,"date":"2018-11-21T15:13:23","date_gmt":"2018-11-21T15:13:23","guid":{"rendered":"https:\/\/tywitaftogether.gpwales.com\/?page_id=140"},"modified":"2022-06-10T09:43:28","modified_gmt":"2022-06-10T09:43:28","slug":"communityoccupationaltherapists","status":"publish","type":"page","link":"https:\/\/tywitaftogether.gpwales.com\/cy\/communityoccupationaltherapists\/","title":{"rendered":"Iechyd Galwedigaethol yn y T\u00eem Adnoddau Cymunedol"},"content":{"rendered":"<div data-elementor-type=\"wp-post\" data-elementor-id=\"140\" class=\"elementor elementor-140 elementor-bc-flex-widget\" data-elementor-settings=\"[]\">\n\t\t\t\t\t\t<div class=\"elementor-inner\">\n\t\t\t\t\t\t\t<div class=\"elementor-section-wrap\">\n\t\t\t\t\t\t\t<section class=\"elementor-section elementor-top-section elementor-element elementor-element-7305d3b1 elementor-section-content-middle elementor-section-boxed elementor-section-height-default elementor-section-height-default\" data-id=\"7305d3b1\" data-element_type=\"section\">\n\t\t\t\t\t\t<div class=\"elementor-container elementor-column-gap-no\">\n\t\t\t\t\t\t\t<div class=\"elementor-row\">\n\t\t\t\t\t<div class=\"elementor-column elementor-col-100 elementor-top-column elementor-element elementor-element-af5b5c6\" data-id=\"af5b5c6\" data-element_type=\"column\">\n\t\t\t<div class=\"elementor-column-wrap elementor-element-populated\">\n\t\t\t\t\t\t\t<div class=\"elementor-widget-wrap\">\n\t\t\t\t\t\t<div class=\"elementor-element elementor-element-3724b232 elementor-widget elementor-widget-heading\" data-id=\"3724b232\" data-element_type=\"widget\" data-widget_type=\"heading.default\">\n\t\t\t\t<div class=\"elementor-widget-container\">\n\t\t\t<h2 class=\"elementor-heading-title elementor-size-default\">Therapi Galwedigaethol<\/h2>\t\t<\/div>\n\t\t\t\t<\/div>\n\t\t\t\t<section class=\"elementor-section elementor-inner-section elementor-element elementor-element-746b56be elementor-section-content-middle elementor-reverse-mobile elementor-section-boxed elementor-section-height-default elementor-section-height-default\" data-id=\"746b56be\" data-element_type=\"section\">\n\t\t\t\t\t\t<div class=\"elementor-container elementor-column-gap-no\">\n\t\t\t\t\t\t\t<div class=\"elementor-row\">\n\t\t\t\t\t<div class=\"elementor-column elementor-col-50 elementor-inner-column elementor-element elementor-element-750c3bae\" data-id=\"750c3bae\" data-element_type=\"column\">\n\t\t\t<div class=\"elementor-column-wrap elementor-element-populated\">\n\t\t\t\t\t\t\t<div class=\"elementor-widget-wrap\">\n\t\t\t\t\t\t<div class=\"elementor-element elementor-element-2b72b0ea elementor-widget elementor-widget-image\" data-id=\"2b72b0ea\" data-element_type=\"widget\" data-widget_type=\"image.default\">\n\t\t\t\t<div class=\"elementor-widget-container\">\n\t\t\t\t\t\t\t\t<div class=\"elementor-image\">\n\t\t\t\t\t\t\t\t\t\t\t\t<img width=\"525\" height=\"525\" src=\"https:\/\/tywitaftogether.gpwales.com\/files\/2018\/11\/Support-Network-1024x1024.png\" class=\"attachment-large size-large\" alt=\"Support\" loading=\"lazy\" srcset=\"https:\/\/tywitaftogether.gpwales.com\/files\/2018\/11\/Support-Network-1024x1024.png 1024w, https:\/\/tywitaftogether.gpwales.com\/files\/2018\/11\/Support-Network-150x150.png 150w, https:\/\/tywitaftogether.gpwales.com\/files\/2018\/11\/Support-Network-300x300.png 300w, https:\/\/tywitaftogether.gpwales.com\/files\/2018\/11\/Support-Network-768x768.png 768w, https:\/\/tywitaftogether.gpwales.com\/files\/2018\/11\/Support-Network-100x100.png 100w, https:\/\/tywitaftogether.gpwales.com\/files\/2018\/11\/Support-Network.png 1280w\" sizes=\"100vw\" \/>\t\t\t\t\t\t\t\t\t\t\t\t\t\t<\/div>\n\t\t\t\t\t\t<\/div>\n\t\t\t\t<\/div>\n\t\t\t\t\t\t<\/div>\n\t\t\t\t\t<\/div>\n\t\t<\/div>\n\t\t\t\t<div class=\"elementor-column elementor-col-50 elementor-inner-column elementor-element elementor-element-6c384d90\" data-id=\"6c384d90\" data-element_type=\"column\">\n\t\t\t<div class=\"elementor-column-wrap elementor-element-populated\">\n\t\t\t\t\t\t\t<div class=\"elementor-widget-wrap\">\n\t\t\t\t\t\t<div class=\"elementor-element elementor-element-5c9d9007 elementor-widget elementor-widget-heading\" data-id=\"5c9d9007\" data-element_type=\"widget\" data-widget_type=\"heading.default\">\n\t\t\t\t<div class=\"elementor-widget-container\">\n\t\t\t<h2 class=\"elementor-heading-title elementor-size-default\">Therapi Galwedigaethol<\/h2>\t\t<\/div>\n\t\t\t\t<\/div>\n\t\t\t\t<div class=\"elementor-element elementor-element-3a476100 elementor-widget elementor-widget-text-editor\" data-id=\"3a476100\" data-element_type=\"widget\" data-widget_type=\"text-editor.default\">\n\t\t\t\t<div class=\"elementor-widget-container\">\n\t\t\t\t\t\t\t\t<div class=\"elementor-text-editor elementor-clearfix\">\n\t\t\t\t\t<p style=\"text-align: left;\"><span style=\"color: #000080;\">Mae'r t\u00eem therapi galwedigaethol sydd wedi'i leoli yn y T\u00eem Adnoddau Cymunedol yn d\u00eem integredig sy'n cynnwys staff a gyflogir gan y gwasanaethau iechyd a gofal cymdeithasol. Yn ogystal ag atgyfeiriadau cymunedol, rydym yn gwasanaethu\u2019r gwelyau ailalluogi preswyl. Mae ein gwaith yn ymestyn hefyd i'r ysbytai ac\u00edwt a'r ysbytai cymunedol a darparwn raglenni adsefydlu yn y gymuned ar gyfer cleientiaid sydd wedi cael str\u00f4c.<\/span><\/p><p style=\"text-align: left;\"><span style=\"color: #000080;\">Mae Ffederasiwn Byd-eang <em>y Therapyddion Galwedigaethol<\/em>\u00a0 yn diffinio therapi galwedigaethol fel \"proffesiwn sy'n hybu iechyd a llesiant trwy ymgysylltu \u00e2 galwedigaeth.\"<\/span><\/p><p style=\"text-align: left;\"><span style=\"color: #000080;\">Gellir diffinio galwedigaeth hefyd fel \"gweithgaredd pwrpasol\". Pan fydd rhywbeth yn tarfu ar iechyd neu'n ei danseilio, gall galwedigaethau dethol fod yn ffordd effeithiol o adennill gweithrediad a dod yn fwy annibynnol. Mae therapyddion galwedigaethol yn cynnal profion gweithredol ac yn asesu trwy arsylwi ar weithgareddau a\u2019u dadansoddi. Defnyddiant ddadansoddiad gofalus o ffactorau corfforol, amgylcheddol, seicogymdeithasol, meddyliol, ysbrydol, gwleidyddol a diwylliannol er mwyn nodi rhwystrau rhag galwedigaeth.<\/span><\/p>\t\t\t\t\t<\/div>\n\t\t\t\t\t\t<\/div>\n\t\t\t\t<\/div>\n\t\t\t\t\t\t<\/div>\n\t\t\t\t\t<\/div>\n\t\t<\/div>\n\t\t\t\t\t\t\t\t<\/div>\n\t\t\t\t\t<\/div>\n\t\t<\/section>\n\t\t\t\t\t\t<\/div>\n\t\t\t\t\t<\/div>\n\t\t<\/div>\n\t\t\t\t\t\t\t\t<\/div>\n\t\t\t\t\t<\/div>\n\t\t<\/section>\n\t\t\t\t\t\t<\/div>\n\t\t\t\t\t\t<\/div>\n\t\t\t\t\t<\/div>","protected":false},"excerpt":{"rendered":"<p>Occupational Therapy in the CRT Occupational Therapy The Occupational therapy team based in the CRT is an integrated team consisting of staff employed by both Health and Social care.&nbsp;&nbsp;&nbsp; Together with community referrals we cover the residential re-ablement beds.&nbsp; We extend our reach into acute and community hospitals and provide community rehab programs for clients &hellip; <\/p>\n<p class=\"link-more\"><a href=\"https:\/\/tywitaftogether.gpwales.com\/cy\/communityoccupationaltherapists\/\" class=\"more-link\">Parhau i ddarllen<span class=\"screen-reader-text\"> &#8220;Community Occupational Therapists&#8221;<\/span><\/a><\/p>","protected":false},"author":1,"featured_media":0,"parent":0,"menu_order":0,"comment_status":"closed","ping_status":"closed","template":"elementor_header_footer","meta":[],"_links":{"self":[{"href":"https:\/\/tywitaftogether.gpwales.com\/cy\/wp-json\/wp\/v2\/pages\/140"}],"collection":[{"href":"https:\/\/tywitaftogether.gpwales.com\/cy\/wp-json\/wp\/v2\/pages"}],"about":[{"href":"https:\/\/tywitaftogether.gpwales.com\/cy\/wp-json\/wp\/v2\/types\/page"}],"author":[{"embeddable":true,"href":"https:\/\/tywitaftogether.gpwales.com\/cy\/wp-json\/wp\/v2\/users\/1"}],"replies":[{"embeddable":true,"href":"https:\/\/tywitaftogether.gpwales.com\/cy\/wp-json\/wp\/v2\/comments?post=140"}],"version-history":[{"count":14,"href":"https:\/\/tywitaftogether.gpwales.com\/cy\/wp-json\/wp\/v2\/pages\/140\/revisions"}],"predecessor-version":[{"id":1068,"href":"https:\/\/tywitaftogether.gpwales.com\/cy\/wp-json\/wp\/v2\/pages\/140\/revisions\/1068"}],"wp:attachment":[{"href":"https:\/\/tywitaftogether.gpwales.com\/cy\/wp-json\/wp\/v2\/media?parent=140"}],"curies":[{"name":"wp","href":"https:\/\/api.w.org\/{rel}","templated":true}]}}